{"id":2,"date":"2024-10-29T11:13:30","date_gmt":"2024-10-29T10:13:30","guid":{"rendered":"http:\/\/gchproperty.pl\/?page_id=2"},"modified":"2024-10-31T20:35:41","modified_gmt":"2024-10-31T19:35:41","slug":"przykladowa-strona","status":"publish","type":"page","link":"https:\/\/gchproperty.pl\/index.php\/przykladowa-strona\/","title":{"rendered":"GCH Property Sp. z o.o."},"content":{"rendered":"\n<p><strong>GCH Property Sp. z o.o. z siedzib\u0105 w Gdyni<\/strong> przy Al. Zwyci\u0119stwa 253, (81-525 Gdynia), zarejestrowana w S\u0105dzie Rejonowym Gda\u0144sk-P\u00f3\u0142noc w Gda\u0144sku VIII Wydzia\u0142 Gospodarczy Krajowego Rejestru S\u0105dowego, nr KRS 0000362035, numer NIP 586-225-77-51, kapita\u0142 zak\u0142adowy w wysoko\u015bci 95.000 z\u0142.<\/p>\n\n\n\n<p>&#8230;albo co\u015b takiego:<\/p>\n\n\n\n<p><\/p>\n\n\n\n<p><\/p>\n","protected":false},"excerpt":{"rendered":"<p>GCH Property Sp. z o.o. z siedzib\u0105 w Gdyni przy Al. Zwyci\u0119stwa 253, (81-525 Gdynia), zarejestrowana w S\u0105dzie Rejonowym Gda\u0144sk-P\u00f3\u0142noc w Gda\u0144sku VIII Wydzia\u0142 Gospodarczy Krajowego Rejestru S\u0105dowego, nr KRS 0000362035, numer NIP 586-225-77-51, kapita\u0142 zak\u0142adowy w wysoko\u015bci 95.000 z\u0142. &#8230;albo co\u015b takiego:<\/p>\n","protected":false},"author":1,"featured_media":0,"parent":0,"menu_order":0,"comment_status":"closed","ping_status":"open","template":"","meta":{"footnotes":""},"class_list":["post-2","page","type-page","status-publish","hentry"],"_links":{"self":[{"href":"https:\/\/gchproperty.pl\/index.php\/wp-json\/wp\/v2\/pages\/2"}],"collection":[{"href":"https:\/\/gchproperty.pl\/index.php\/wp-json\/wp\/v2\/pages"}],"about":[{"href":"https:\/\/gchproperty.pl\/index.php\/wp-json\/wp\/v2\/types\/page"}],"author":[{"embeddable":true,"href":"https:\/\/gchproperty.pl\/index.php\/wp-json\/wp\/v2\/users\/1"}],"replies":[{"embeddable":true,"href":"https:\/\/gchproperty.pl\/index.php\/wp-json\/wp\/v2\/comments?post=2"}],"version-history":[{"count":1,"href":"https:\/\/gchproperty.pl\/index.php\/wp-json\/wp\/v2\/pages\/2\/revisions"}],"predecessor-version":[{"id":18,"href":"https:\/\/gchproperty.pl\/index.php\/wp-json\/wp\/v2\/pages\/2\/revisions\/18"}],"wp:attachment":[{"href":"https:\/\/gchproperty.pl\/index.php\/wp-json\/wp\/v2\/media?parent=2"}],"curies":[{"name":"wp","href":"https:\/\/api.w.org\/{rel}","templated":true}]}}